{"id":104,"date":"2022-05-05T23:33:18","date_gmt":"2022-05-05T21:33:18","guid":{"rendered":"https:\/\/teknikprod.com\/?page_id=104"},"modified":"2023-09-29T18:54:32","modified_gmt":"2023-09-29T16:54:32","slug":"acceuil","status":"publish","type":"page","link":"https:\/\/teknikprod.com\/","title":{"rendered":"Acceuil"},"content":{"rendered":"\n<p><br>L explication par l illustration. Je regroupe sur ce site des astuces, des tutoriaux totalement in\u00e9dits. J ai souhait\u00e9 ces pages uniques, sobres  et sans publicit\u00e9.<\/p>\n\n\n\n<p>Utilisez le menu pour parcourir les nombreux articles des diff\u00e9rentes cat\u00e9gories.<\/p>\n\n\n\n<p>Les articles sont disponibles au format PDF . <strong>Si le PDF n\u00b4appara\u00eet pas dans la page concern\u00e9e, rafraichissez la page.<\/strong><\/p>\n\n\n\n<p>Bonne visite et n\u00b4h\u00e9sitez pas \u00e1 commenter les articles.<\/p>\n\n\n\n<p>(Ci-dessous, les articles les plus r\u00e9cents)<\/p>\n\n\n\n<p>Patrick<\/p>\n\n\n<ul class=\"wp-block-latest-posts__list wp-block-latest-posts\"><li><a class=\"wp-block-latest-posts__post-title\" href=\"https:\/\/teknikprod.com\/index.php\/2026\/01\/26\/transformer-les-images-au-format-raw-en-images-jpeg-par-lot-photoshop_023\/\">Transformer les images au format RAW en images JPEG par lot [PHOTOSHOP_023]<\/a><\/li>\n<li><a class=\"wp-block-latest-posts__post-title\" href=\"https:\/\/teknikprod.com\/index.php\/2025\/10\/28\/etendre-un-arriere-plan-avec-lia-photoshop-22\/\">\u00c9tendre un arri\u00e8re-plan avec l\u00b4IA [PHOTOSHOP_022]<\/a><\/li>\n<li><a class=\"wp-block-latest-posts__post-title\" href=\"https:\/\/teknikprod.com\/index.php\/2025\/05\/01\/suppression-dun-objet-avec-lintelligence-artificielle-ia-photoshop_021\/\">Suppression d\u00b4un objet avec l\u00b4Intelligence Artificielle IA [PHOTOSHOP_021]<\/a><\/li>\n<li><a class=\"wp-block-latest-posts__post-title\" href=\"https:\/\/teknikprod.com\/index.php\/2024\/11\/11\/les-outils-de-correction-photoshop_020\/\">Les outils de correction [PHOTOSHOP_020]<\/a><\/li>\n<li><a class=\"wp-block-latest-posts__post-title\" href=\"https:\/\/teknikprod.com\/index.php\/2024\/10\/27\/formatage-des-nombres-excel_0014\/\">Formatage des nombres [EXCEL_0014]<\/a><\/li>\n<\/ul>","protected":false},"excerpt":{"rendered":"<p>L explication par l illustration. Je regroupe sur ce site des astuces, des tutoriaux totalement in\u00e9dits. J ai souhait\u00e9 ces pages uniques, [&hellip;]<\/p>\n","protected":false},"author":1,"featured_media":0,"parent":0,"menu_order":0,"comment_status":"closed","ping_status":"closed","template":"page-templates\/page_front-page.php","meta":{"footnotes":""},"class_list":["post-104","page","type-page","status-publish","hentry"],"_links":{"self":[{"href":"https:\/\/teknikprod.com\/index.php\/wp-json\/wp\/v2\/pages\/104","targetHints":{"allow":["GET"]}}],"collection":[{"href":"https:\/\/teknikprod.com\/index.php\/wp-json\/wp\/v2\/pages"}],"about":[{"href":"https:\/\/teknikprod.com\/index.php\/wp-json\/wp\/v2\/types\/page"}],"author":[{"embeddable":true,"href":"https:\/\/teknikprod.com\/index.php\/wp-json\/wp\/v2\/users\/1"}],"replies":[{"embeddable":true,"href":"https:\/\/teknikprod.com\/index.php\/wp-json\/wp\/v2\/comments?post=104"}],"version-history":[{"count":8,"href":"https:\/\/teknikprod.com\/index.php\/wp-json\/wp\/v2\/pages\/104\/revisions"}],"predecessor-version":[{"id":1508,"href":"https:\/\/teknikprod.com\/index.php\/wp-json\/wp\/v2\/pages\/104\/revisions\/1508"}],"wp:attachment":[{"href":"https:\/\/teknikprod.com\/index.php\/wp-json\/wp\/v2\/media?parent=104"}],"curies":[{"name":"wp","href":"https:\/\/api.w.org\/{rel}","templated":true}]}}